{"id":1097,"date":"2025-11-24T21:04:02","date_gmt":"2025-11-24T20:04:02","guid":{"rendered":"https:\/\/martaweglinska.pl\/?page_id=1097"},"modified":"2026-02-02T19:12:46","modified_gmt":"2026-02-02T18:12:46","slug":"duch-krolowa-pszczol","status":"publish","type":"page","link":"https:\/\/martaweglinska.pl\/en\/duch-krolowa-pszczol\/","title":{"rendered":"Spirit, Queen Bees"},"content":{"rendered":"<div data-elementor-type=\"wp-page\" data-elementor-id=\"1097\" class=\"elementor elementor-1097\">\n\t\t\t\t<div class=\"elementor-element elementor-element-67c5468 e-flex e-con-boxed qodef-elementor-content-no e-con e-parent\" data-id=\"67c5468\" data-element_type=\"container\" data-e-type=\"container\">\n\t\t\t\t\t<div class=\"e-con-inner\">\n\t\t\t\t<div class=\"elementor-element elementor-element-2832e768 elementor-widget elementor-widget-qi_addons_for_elementor_image_gallery_pinterest\" data-id=\"2832e768\" data-element_type=\"widget\" data-e-type=\"widget\" data-widget_type=\"qi_addons_for_elementor_image_gallery_pinterest.default\">\n\t\t\t\t<div class=\"elementor-widget-container\">\n\t\t\t\t\t<div class=\"qodef-shortcode qodef-m qodef-qi-image-gallery-pinterest qodef-qi-fslightbox-popup qodef-popup-gallery qodef-image--hover-zoom qodef-qi-grid qodef-layout--qi-masonry qodef-col-num--2 qodef-responsive--predefined\">\n\t<div class=\"qodef-grid-inner\">\n\t\t\t<div class=\"qodef-qi-grid-masonry-sizer\"><\/div>\n<div class=\"qodef-e qodef-image-wrapper qodef-grid-item\">\n\t<div class=\"qodef-e-inner\">\n\t\t\t\t\t<a class=\"qodef-popup-item\" itemprop=\"image\" href=\"https:\/\/martaweglinska.pl\/wp-content\/uploads\/2025\/11\/MartaWeglinska_Spirit-of_the_Bees_photoNur_Khamdan2024-2-55-scaled.jpg\" data-type=\"image\" data-fslightbox=\"gallery-199\">\n\t\t\t\t\t<img fetchpriority=\"high\" decoding=\"async\" width=\"2560\" height=\"1706\" src=\"https:\/\/martaweglinska.pl\/wp-content\/uploads\/2025\/11\/MartaWeglinska_Spirit-of_the_Bees_photoNur_Khamdan2024-2-55-scaled.jpg\" class=\"attachment-full size-full\" alt=\"\" srcset=\"https:\/\/martaweglinska.pl\/wp-content\/uploads\/2025\/11\/MartaWeglinska_Spirit-of_the_Bees_photoNur_Khamdan2024-2-55-scaled.jpg 2560w, https:\/\/martaweglinska.pl\/wp-content\/uploads\/2025\/11\/MartaWeglinska_Spirit-of_the_Bees_photoNur_Khamdan2024-2-55-300x200.jpg 300w, https:\/\/martaweglinska.pl\/wp-content\/uploads\/2025\/11\/MartaWeglinska_Spirit-of_the_Bees_photoNur_Khamdan2024-2-55-1024x683.jpg 1024w, https:\/\/martaweglinska.pl\/wp-content\/uploads\/2025\/11\/MartaWeglinska_Spirit-of_the_Bees_photoNur_Khamdan2024-2-55-768x512.jpg 768w, https:\/\/martaweglinska.pl\/wp-content\/uploads\/2025\/11\/MartaWeglinska_Spirit-of_the_Bees_photoNur_Khamdan2024-2-55-1536x1024.jpg 1536w, https:\/\/martaweglinska.pl\/wp-content\/uploads\/2025\/11\/MartaWeglinska_Spirit-of_the_Bees_photoNur_Khamdan2024-2-55-2048x1365.jpg 2048w\" sizes=\"(max-width: 2560px) 100vw, 2560px\" \/>\t\t\t\t\t<\/a>\n\t\t\t<\/div>\n<\/div>\n<div class=\"qodef-e qodef-image-wrapper qodef-grid-item\">\n\t<div class=\"qodef-e-inner\">\n\t\t\t\t\t<a class=\"qodef-popup-item\" itemprop=\"image\" href=\"https:\/\/martaweglinska.pl\/wp-content\/uploads\/2025\/11\/MartaWeglinska_Spirit-of_the_Bees_photoNur_Khamdan2024-7-60-scaled.jpg\" data-type=\"image\" data-fslightbox=\"gallery-199\">\n\t\t\t\t\t<img decoding=\"async\" width=\"1707\" height=\"2560\" src=\"https:\/\/martaweglinska.pl\/wp-content\/uploads\/2025\/11\/MartaWeglinska_Spirit-of_the_Bees_photoNur_Khamdan2024-7-60-scaled.jpg\" class=\"attachment-full size-full\" alt=\"\" srcset=\"https:\/\/martaweglinska.pl\/wp-content\/uploads\/2025\/11\/MartaWeglinska_Spirit-of_the_Bees_photoNur_Khamdan2024-7-60-scaled.jpg 1707w, https:\/\/martaweglinska.pl\/wp-content\/uploads\/2025\/11\/MartaWeglinska_Spirit-of_the_Bees_photoNur_Khamdan2024-7-60-200x300.jpg 200w, https:\/\/martaweglinska.pl\/wp-content\/uploads\/2025\/11\/MartaWeglinska_Spirit-of_the_Bees_photoNur_Khamdan2024-7-60-683x1024.jpg 683w, https:\/\/martaweglinska.pl\/wp-content\/uploads\/2025\/11\/MartaWeglinska_Spirit-of_the_Bees_photoNur_Khamdan2024-7-60-768x1152.jpg 768w, https:\/\/martaweglinska.pl\/wp-content\/uploads\/2025\/11\/MartaWeglinska_Spirit-of_the_Bees_photoNur_Khamdan2024-7-60-1024x1536.jpg 1024w, https:\/\/martaweglinska.pl\/wp-content\/uploads\/2025\/11\/MartaWeglinska_Spirit-of_the_Bees_photoNur_Khamdan2024-7-60-1366x2048.jpg 1366w\" sizes=\"(max-width: 1707px) 100vw, 1707px\" \/>\t\t\t\t\t<\/a>\n\t\t\t<\/div>\n<\/div>\n<div class=\"qodef-e qodef-image-wrapper qodef-grid-item\">\n\t<div class=\"qodef-e-inner\">\n\t\t\t\t\t<a class=\"qodef-popup-item\" itemprop=\"image\" href=\"https:\/\/martaweglinska.pl\/wp-content\/uploads\/2025\/11\/MartaWeglinska_Spirit-of_the_Bees_photoNur_Khamdan2024-5-58-scaled.jpg\" data-type=\"image\" data-fslightbox=\"gallery-199\">\n\t\t\t\t\t<img decoding=\"async\" width=\"1706\" height=\"2560\" src=\"https:\/\/martaweglinska.pl\/wp-content\/uploads\/2025\/11\/MartaWeglinska_Spirit-of_the_Bees_photoNur_Khamdan2024-5-58-scaled.jpg\" class=\"attachment-full size-full\" alt=\"\" srcset=\"https:\/\/martaweglinska.pl\/wp-content\/uploads\/2025\/11\/MartaWeglinska_Spirit-of_the_Bees_photoNur_Khamdan2024-5-58-scaled.jpg 1706w, https:\/\/martaweglinska.pl\/wp-content\/uploads\/2025\/11\/MartaWeglinska_Spirit-of_the_Bees_photoNur_Khamdan2024-5-58-200x300.jpg 200w, https:\/\/martaweglinska.pl\/wp-content\/uploads\/2025\/11\/MartaWeglinska_Spirit-of_the_Bees_photoNur_Khamdan2024-5-58-683x1024.jpg 683w, https:\/\/martaweglinska.pl\/wp-content\/uploads\/2025\/11\/MartaWeglinska_Spirit-of_the_Bees_photoNur_Khamdan2024-5-58-768x1152.jpg 768w, https:\/\/martaweglinska.pl\/wp-content\/uploads\/2025\/11\/MartaWeglinska_Spirit-of_the_Bees_photoNur_Khamdan2024-5-58-1024x1536.jpg 1024w, https:\/\/martaweglinska.pl\/wp-content\/uploads\/2025\/11\/MartaWeglinska_Spirit-of_the_Bees_photoNur_Khamdan2024-5-58-1365x2048.jpg 1365w\" sizes=\"(max-width: 1706px) 100vw, 1706px\" \/>\t\t\t\t\t<\/a>\n\t\t\t<\/div>\n<\/div>\n<div class=\"qodef-e qodef-image-wrapper qodef-grid-item\">\n\t<div class=\"qodef-e-inner\">\n\t\t\t\t\t<a class=\"qodef-popup-item\" itemprop=\"image\" href=\"https:\/\/martaweglinska.pl\/wp-content\/uploads\/2025\/11\/MartaWeglinska_Spirit-of_the_Bees_photoNur_Khamdan2024-6-59-scaled.jpg\" data-type=\"image\" data-fslightbox=\"gallery-199\">\n\t\t\t\t\t<img loading=\"lazy\" decoding=\"async\" width=\"1706\" height=\"2560\" src=\"https:\/\/martaweglinska.pl\/wp-content\/uploads\/2025\/11\/MartaWeglinska_Spirit-of_the_Bees_photoNur_Khamdan2024-6-59-scaled.jpg\" class=\"attachment-full size-full\" alt=\"\" srcset=\"https:\/\/martaweglinska.pl\/wp-content\/uploads\/2025\/11\/MartaWeglinska_Spirit-of_the_Bees_photoNur_Khamdan2024-6-59-scaled.jpg 1706w, https:\/\/martaweglinska.pl\/wp-content\/uploads\/2025\/11\/MartaWeglinska_Spirit-of_the_Bees_photoNur_Khamdan2024-6-59-200x300.jpg 200w, https:\/\/martaweglinska.pl\/wp-content\/uploads\/2025\/11\/MartaWeglinska_Spirit-of_the_Bees_photoNur_Khamdan2024-6-59-683x1024.jpg 683w, https:\/\/martaweglinska.pl\/wp-content\/uploads\/2025\/11\/MartaWeglinska_Spirit-of_the_Bees_photoNur_Khamdan2024-6-59-768x1152.jpg 768w, https:\/\/martaweglinska.pl\/wp-content\/uploads\/2025\/11\/MartaWeglinska_Spirit-of_the_Bees_photoNur_Khamdan2024-6-59-1024x1536.jpg 1024w, https:\/\/martaweglinska.pl\/wp-content\/uploads\/2025\/11\/MartaWeglinska_Spirit-of_the_Bees_photoNur_Khamdan2024-6-59-1365x2048.jpg 1365w\" sizes=\"(max-width: 1706px) 100vw, 1706px\" \/>\t\t\t\t\t<\/a>\n\t\t\t<\/div>\n<\/div>\n<div class=\"qodef-e qodef-image-wrapper qodef-grid-item\">\n\t<div class=\"qodef-e-inner\">\n\t\t\t\t\t<a class=\"qodef-popup-item\" itemprop=\"image\" href=\"https:\/\/martaweglinska.pl\/wp-content\/uploads\/2025\/11\/MartaWeglinska_Spirit-of_the_Bees_photoNur_Khamdan2024-1-54-scaled.jpg\" data-type=\"image\" data-fslightbox=\"gallery-199\">\n\t\t\t\t\t<img loading=\"lazy\" decoding=\"async\" width=\"2560\" height=\"1414\" src=\"https:\/\/martaweglinska.pl\/wp-content\/uploads\/2025\/11\/MartaWeglinska_Spirit-of_the_Bees_photoNur_Khamdan2024-1-54-scaled.jpg\" class=\"attachment-full size-full\" alt=\"\" srcset=\"https:\/\/martaweglinska.pl\/wp-content\/uploads\/2025\/11\/MartaWeglinska_Spirit-of_the_Bees_photoNur_Khamdan2024-1-54-scaled.jpg 2560w, https:\/\/martaweglinska.pl\/wp-content\/uploads\/2025\/11\/MartaWeglinska_Spirit-of_the_Bees_photoNur_Khamdan2024-1-54-300x166.jpg 300w, https:\/\/martaweglinska.pl\/wp-content\/uploads\/2025\/11\/MartaWeglinska_Spirit-of_the_Bees_photoNur_Khamdan2024-1-54-1024x566.jpg 1024w, https:\/\/martaweglinska.pl\/wp-content\/uploads\/2025\/11\/MartaWeglinska_Spirit-of_the_Bees_photoNur_Khamdan2024-1-54-768x424.jpg 768w, https:\/\/martaweglinska.pl\/wp-content\/uploads\/2025\/11\/MartaWeglinska_Spirit-of_the_Bees_photoNur_Khamdan2024-1-54-1536x849.jpg 1536w, https:\/\/martaweglinska.pl\/wp-content\/uploads\/2025\/11\/MartaWeglinska_Spirit-of_the_Bees_photoNur_Khamdan2024-1-54-2048x1131.jpg 2048w\" sizes=\"(max-width: 2560px) 100vw, 2560px\" \/>\t\t\t\t\t<\/a>\n\t\t\t<\/div>\n<\/div>\n<div class=\"qodef-e qodef-image-wrapper qodef-grid-item\">\n\t<div class=\"qodef-e-inner\">\n\t\t\t\t\t<a class=\"qodef-popup-item\" itemprop=\"image\" href=\"https:\/\/martaweglinska.pl\/wp-content\/uploads\/2025\/11\/MartaWeglinska_Spirit-of_the_Bees_photoNur_Khamdan2024-4-57-scaled.jpg\" data-type=\"image\" data-fslightbox=\"gallery-199\">\n\t\t\t\t\t<img loading=\"lazy\" decoding=\"async\" width=\"1707\" height=\"2560\" src=\"https:\/\/martaweglinska.pl\/wp-content\/uploads\/2025\/11\/MartaWeglinska_Spirit-of_the_Bees_photoNur_Khamdan2024-4-57-scaled.jpg\" class=\"attachment-full size-full\" alt=\"\" srcset=\"https:\/\/martaweglinska.pl\/wp-content\/uploads\/2025\/11\/MartaWeglinska_Spirit-of_the_Bees_photoNur_Khamdan2024-4-57-scaled.jpg 1707w, https:\/\/martaweglinska.pl\/wp-content\/uploads\/2025\/11\/MartaWeglinska_Spirit-of_the_Bees_photoNur_Khamdan2024-4-57-200x300.jpg 200w, https:\/\/martaweglinska.pl\/wp-content\/uploads\/2025\/11\/MartaWeglinska_Spirit-of_the_Bees_photoNur_Khamdan2024-4-57-683x1024.jpg 683w, https:\/\/martaweglinska.pl\/wp-content\/uploads\/2025\/11\/MartaWeglinska_Spirit-of_the_Bees_photoNur_Khamdan2024-4-57-768x1152.jpg 768w, https:\/\/martaweglinska.pl\/wp-content\/uploads\/2025\/11\/MartaWeglinska_Spirit-of_the_Bees_photoNur_Khamdan2024-4-57-1024x1536.jpg 1024w, https:\/\/martaweglinska.pl\/wp-content\/uploads\/2025\/11\/MartaWeglinska_Spirit-of_the_Bees_photoNur_Khamdan2024-4-57-1366x2048.jpg 1366w\" sizes=\"(max-width: 1707px) 100vw, 1707px\" \/>\t\t\t\t\t<\/a>\n\t\t\t<\/div>\n<\/div>\n\t<\/div>\n<\/div>\n\t\t\t\t<\/div>\n\t\t\t\t<\/div>\n\t\t\t\t\t<\/div>\n\t\t\t\t<\/div>\n\t\t<div class=\"elementor-element elementor-element-2c1986ae e-flex e-con-boxed qodef-elementor-content-no e-con e-parent\" data-id=\"2c1986ae\" data-element_type=\"container\" data-e-type=\"container\">\n\t\t\t\t\t<div class=\"e-con-inner\">\n\t\t<div class=\"elementor-element elementor-element-cd3e492 e-con-full e-flex qodef-elementor-content-no e-con e-child\" data-id=\"cd3e492\" data-element_type=\"container\" data-e-type=\"container\">\n\t\t\t\t<div class=\"elementor-element elementor-element-40ae1dec elementor-widget elementor-widget-qi_addons_for_elementor_section_title\" data-id=\"40ae1dec\" data-element_type=\"widget\" data-e-type=\"widget\" data-widget_type=\"qi_addons_for_elementor_section_title.default\">\n\t\t\t\t<div class=\"elementor-widget-container\">\n\t\t\t\t\t<div class=\"qodef-shortcode qodef-m qodef-qi-section-title qodef-decoration--italic qodef-link--underline-draw qodef-subtitle-icon--left\">\n\t\t\t\t\t\t<h2 class=\"qodef-m-title\">\n\t\tSpirit, Queen Bees\t<\/h2>\n\t\t\t<div class=\"qodef-m-text\"><p><i><span style=\"font-weight: 400\">costumes \u2013 headdresses, palm leaves, and bamboo; digital photography series\nphotographic collaboration: Nur Khamdan, 2024<\/span><\/i><\/p><p>\u00a0<\/p><p><span style=\"font-weight: 400\">Artist residency at Jatiwangi Art Factory in Indonesia (Java, Kuningan), in collaboration with Roem Institut in Kuningan.<\/span><\/p><p>\u00a0<\/p><p><span style=\"font-weight: 400\">During the artist residency program on the island of Java, I prepared a series of photographs featuring the Spirit\/Queen Bee character. The idea is rooted in the local tradition of beekeeping, respect for biodiversity, and a spiritual approach to nature. In collaboration with local craftsmen, I designed and made two experimental costumes. The unconventional face coverings (inspired by beekeepers' headgear) were made of natural materials - coconut palm leaves.<\/span><\/p><p>\u00a0<\/p><p><span style=\"font-weight: 400\">The photos were taken in areas of natural and\/or geological value \u2013 in the vicinity of the city of Kuningan.<\/span><\/p><p>\u00a0<\/p><p><span style=\"font-weight: 400\">The residency was co-financed by the \u201cPolish Culture in the World\u201d program, organized by the Adam Mickiewicz Institute, the culture.pl portal, and the Ministry of Culture and National Heritage of the Republic of Poland.<\/span><\/p><\/div>\n\t<\/div>\n\t\t\t\t<\/div>\n\t\t\t\t<\/div>\n\t\t\t\t<\/div>\n\t\t<div class=\"elementor-element elementor-element-73937290 e-con-full e-flex qodef-elementor-content-no e-con e-child\" data-id=\"73937290\" data-element_type=\"container\" data-e-type=\"container\">\n\t\t\t\t<\/div>\n\t\t\t\t\t<\/div>\n\t\t\t\t<\/div>\n\t\t<div class=\"elementor-element elementor-element-ec93787 e-flex e-con-boxed qodef-elementor-content-no e-con e-parent\" data-id=\"ec93787\" data-element_type=\"container\" data-e-type=\"container\">\n\t\t\t\t\t<div class=\"e-con-inner\">\n\t\t\t\t<div class=\"elementor-element elementor-element-cf41404 elementor-widget elementor-widget-qi_addons_for_elementor_info_button\" data-id=\"cf41404\" data-element_type=\"widget\" data-e-type=\"widget\" data-widget_type=\"qi_addons_for_elementor_info_button.default\">\n\t\t\t\t<div class=\"elementor-widget-container\">\n\t\t\t\t\t<a class=\"qodef-shortcode qodef-m qodef-qi-info-button qodef-html--link qodef-layout--outlined qodef-type--standard qodef-icon--left qodef-hover--icon-move-horizontal-short\" href=\"https:\/\/martaweglinska.pl\/en\/portfolio\/\" target=\"_self\">\n\t<div class=\"qodef-m-text-holder\">\n\t<span class=\"qodef-m-text\">Back to Works <\/span>\n\t\t\t<span class=\"qodef-m-icon\">\n\t\t<span class=\"qodef-m-icon-inner\">\n\t\t\t<svg aria-hidden=\"true\" class=\"e-font-icon-svg e-fas-angle-left\" viewbox=\"0 0 256 512\" xmlns=\"http:\/\/www.w3.org\/2000\/svg\"><path d=\"M31.7 239l136-136c9.4-9.4 24.6-9.4 33.9 0l22.6 22.6c9.4 9.4 9.4 24.6 0 33.9L127.9 256l96.4 96.4c9.4 9.4 9.4 24.6 0 33.9L201.7 409c-9.4 9.4-24.6 9.4-33.9 0l-136-136c-9.5-9.4-9.5-24.6-.1-34z\"><\/path><\/svg>\t\t\t\t\t<\/span>\n\t<\/span>\n\t<\/div>\n\t<\/a>\n\t\t\t\t<\/div>\n\t\t\t\t<\/div>\n\t\t\t\t\t<\/div>\n\t\t\t\t<\/div>\n\t\t\t\t<\/div>","protected":false},"excerpt":{"rendered":"<p>Duch \/ Kr\u00f3lowa Pszcz\u00f3\u0142 kostiumy &#8211; nakrycia g\u0142owy, li\u015bcie palm oraz bambus; cykl fotografii cyfrowej; wsp\u00f3\u0142praca fotograficzna: Nur Khamdan, 2024 \u00a0 Rezydencja artystyczna w Jatiwangi Art Factory w Indonezji (Jawa, Kuningan), we wsp\u00f3\u0142pracy z Roem Institut w Kuningan. \u00a0 Podczas programu rezydencji artystycznej na wyspie Jawa przygotowa\u0142am seri\u0119 fotografii z postaci\u0105 Ducha\/Kr\u00f3lowej Pszcz\u00f3\u0142. Idea zakorzeniona [&hellip;]<\/p>","protected":false},"author":1,"featured_media":1099,"parent":0,"menu_order":0,"comment_status":"closed","ping_status":"closed","template":"","meta":{"footnotes":""},"class_list":["post-1097","page","type-page","status-publish","has-post-thumbnail","hentry"],"yoast_head":"<!-- This site is optimized with the Yoast SEO plugin v26.9 - https:\/\/yoast.com\/product\/yoast-seo-wordpress\/ -->\n<title>Queen Bees - Marta W\u0119gli\u0144ska - research-based environmental art<\/title>\n<meta name=\"description\" content=\"Research-based contemporary art developed during an art residency in Indonesia, combining ecological costumes, biodiversity and performative photography\" \/>\n<meta name=\"robots\" content=\"index, follow, max-snippet:-1, max-image-preview:large, max-video-preview:-1\" \/>\n<link rel=\"canonical\" href=\"https:\/\/martaweglinska.pl\/en\/duch-krolowa-pszczol\/\" \/>\n<meta property=\"og:locale\" content=\"en_GB\" \/>\n<meta property=\"og:type\" content=\"article\" \/>\n<meta property=\"og:title\" content=\"Queen Bees - Marta W\u0119gli\u0144ska - research-based environmental art\" \/>\n<meta property=\"og:description\" content=\"Research-based contemporary art developed during an art residency in Indonesia, combining ecological costumes, biodiversity and performative photography\" \/>\n<meta property=\"og:url\" content=\"https:\/\/martaweglinska.pl\/en\/duch-krolowa-pszczol\/\" \/>\n<meta property=\"og:site_name\" content=\"Marta W\u0119gli\u0144ska\" \/>\n<meta property=\"article:publisher\" content=\"https:\/\/www.facebook.com\/kobalt.migrating.platform\" \/>\n<meta property=\"article:modified_time\" content=\"2026-02-02T18:12:46+00:00\" \/>\n<meta property=\"og:image\" content=\"https:\/\/martaweglinska.pl\/wp-content\/uploads\/2025\/11\/MartaWeglinska_Spirit-of_the_Bees_photoNur_Khamdan2024-1-54-scaled.jpg\" \/>\n\t<meta property=\"og:image:width\" content=\"2560\" \/>\n\t<meta property=\"og:image:height\" content=\"1414\" \/>\n\t<meta property=\"og:image:type\" content=\"image\/jpeg\" \/>\n<meta name=\"twitter:card\" content=\"summary_large_image\" \/>\n<meta name=\"twitter:label1\" content=\"Estimated reading time\" \/>\n\t<meta name=\"twitter:data1\" content=\"3 minutes\" \/>\n<script type=\"application\/ld+json\" class=\"yoast-schema-graph\">{\"@context\":\"https:\/\/schema.org\",\"@graph\":[{\"@type\":\"WebPage\",\"@id\":\"https:\/\/martaweglinska.pl\/duch-krolowa-pszczol\/\",\"url\":\"https:\/\/martaweglinska.pl\/duch-krolowa-pszczol\/\",\"name\":\"Queen Bees - Marta W\u0119gli\u0144ska - research-based environmental art\",\"isPartOf\":{\"@id\":\"https:\/\/martaweglinska.pl\/#website\"},\"primaryImageOfPage\":{\"@id\":\"https:\/\/martaweglinska.pl\/duch-krolowa-pszczol\/#primaryimage\"},\"image\":{\"@id\":\"https:\/\/martaweglinska.pl\/duch-krolowa-pszczol\/#primaryimage\"},\"thumbnailUrl\":\"https:\/\/martaweglinska.pl\/wp-content\/uploads\/2025\/11\/MartaWeglinska_Spirit-of_the_Bees_photoNur_Khamdan2024-1-54-scaled.jpg\",\"datePublished\":\"2025-11-24T20:04:02+00:00\",\"dateModified\":\"2026-02-02T18:12:46+00:00\",\"description\":\"Research-based contemporary art developed during an art residency in Indonesia, combining ecological costumes, biodiversity and performative photography\",\"breadcrumb\":{\"@id\":\"https:\/\/martaweglinska.pl\/duch-krolowa-pszczol\/#breadcrumb\"},\"inLanguage\":\"en-GB\",\"potentialAction\":[{\"@type\":\"ReadAction\",\"target\":[\"https:\/\/martaweglinska.pl\/duch-krolowa-pszczol\/\"]}]},{\"@type\":\"ImageObject\",\"inLanguage\":\"en-GB\",\"@id\":\"https:\/\/martaweglinska.pl\/duch-krolowa-pszczol\/#primaryimage\",\"url\":\"https:\/\/martaweglinska.pl\/wp-content\/uploads\/2025\/11\/MartaWeglinska_Spirit-of_the_Bees_photoNur_Khamdan2024-1-54-scaled.jpg\",\"contentUrl\":\"https:\/\/martaweglinska.pl\/wp-content\/uploads\/2025\/11\/MartaWeglinska_Spirit-of_the_Bees_photoNur_Khamdan2024-1-54-scaled.jpg\",\"width\":2560,\"height\":1414},{\"@type\":\"BreadcrumbList\",\"@id\":\"https:\/\/martaweglinska.pl\/duch-krolowa-pszczol\/#breadcrumb\",\"itemListElement\":[{\"@type\":\"ListItem\",\"position\":1,\"name\":\"Strona g\u0142\u00f3wna\",\"item\":\"https:\/\/martaweglinska.pl\/\"},{\"@type\":\"ListItem\",\"position\":2,\"name\":\"Duch \/ Kr\u00f3lowa Pszcz\u00f3\u0142\"}]},{\"@type\":\"WebSite\",\"@id\":\"https:\/\/martaweglinska.pl\/#website\",\"url\":\"https:\/\/martaweglinska.pl\/\",\"name\":\"Marta W\u0119gli\u0144ska\",\"description\":\"Portfolio\",\"publisher\":{\"@id\":\"https:\/\/martaweglinska.pl\/#organization\"},\"potentialAction\":[{\"@type\":\"SearchAction\",\"target\":{\"@type\":\"EntryPoint\",\"urlTemplate\":\"https:\/\/martaweglinska.pl\/?s={search_term_string}\"},\"query-input\":{\"@type\":\"PropertyValueSpecification\",\"valueRequired\":true,\"valueName\":\"search_term_string\"}}],\"inLanguage\":\"en-GB\"},{\"@type\":\"Organization\",\"@id\":\"https:\/\/martaweglinska.pl\/#organization\",\"name\":\"Marta W\u0119gli\u0144ska\",\"url\":\"https:\/\/martaweglinska.pl\/\",\"logo\":{\"@type\":\"ImageObject\",\"inLanguage\":\"en-GB\",\"@id\":\"https:\/\/martaweglinska.pl\/#\/schema\/logo\/image\/\",\"url\":\"https:\/\/martaweglinska.pl\/wp-content\/uploads\/2025\/11\/Marta-Weglinska-e1763409767210.png\",\"contentUrl\":\"https:\/\/martaweglinska.pl\/wp-content\/uploads\/2025\/11\/Marta-Weglinska-e1763409767210.png\",\"width\":1170,\"height\":640,\"caption\":\"Marta W\u0119gli\u0144ska\"},\"image\":{\"@id\":\"https:\/\/martaweglinska.pl\/#\/schema\/logo\/image\/\"},\"sameAs\":[\"https:\/\/www.facebook.com\/kobalt.migrating.platform\",\"https:\/\/www.instagram.com\/marta.weglinska\"]}]}<\/script>\n<!-- \/ Yoast SEO plugin. -->","yoast_head_json":{"title":"Queen Bees - Marta W\u0119gli\u0144ska - research-based environmental art","description":"Research-based contemporary art developed during an art residency in Indonesia, combining ecological costumes, biodiversity and performative photography","robots":{"index":"index","follow":"follow","max-snippet":"max-snippet:-1","max-image-preview":"max-image-preview:large","max-video-preview":"max-video-preview:-1"},"canonical":"https:\/\/martaweglinska.pl\/en\/duch-krolowa-pszczol\/","og_locale":"en_GB","og_type":"article","og_title":"Queen Bees - Marta W\u0119gli\u0144ska - research-based environmental art","og_description":"Research-based contemporary art developed during an art residency in Indonesia, combining ecological costumes, biodiversity and performative photography","og_url":"https:\/\/martaweglinska.pl\/en\/duch-krolowa-pszczol\/","og_site_name":"Marta W\u0119gli\u0144ska","article_publisher":"https:\/\/www.facebook.com\/kobalt.migrating.platform","article_modified_time":"2026-02-02T18:12:46+00:00","og_image":[{"width":2560,"height":1414,"url":"https:\/\/martaweglinska.pl\/wp-content\/uploads\/2025\/11\/MartaWeglinska_Spirit-of_the_Bees_photoNur_Khamdan2024-1-54-scaled.jpg","type":"image\/jpeg"}],"twitter_card":"summary_large_image","twitter_misc":{"Estimated reading time":"3 minutes"},"schema":{"@context":"https:\/\/schema.org","@graph":[{"@type":"WebPage","@id":"https:\/\/martaweglinska.pl\/duch-krolowa-pszczol\/","url":"https:\/\/martaweglinska.pl\/duch-krolowa-pszczol\/","name":"Queen Bees - Marta W\u0119gli\u0144ska - research-based environmental art","isPartOf":{"@id":"https:\/\/martaweglinska.pl\/#website"},"primaryImageOfPage":{"@id":"https:\/\/martaweglinska.pl\/duch-krolowa-pszczol\/#primaryimage"},"image":{"@id":"https:\/\/martaweglinska.pl\/duch-krolowa-pszczol\/#primaryimage"},"thumbnailUrl":"https:\/\/martaweglinska.pl\/wp-content\/uploads\/2025\/11\/MartaWeglinska_Spirit-of_the_Bees_photoNur_Khamdan2024-1-54-scaled.jpg","datePublished":"2025-11-24T20:04:02+00:00","dateModified":"2026-02-02T18:12:46+00:00","description":"Research-based contemporary art developed during an art residency in Indonesia, combining ecological costumes, biodiversity and performative photography","breadcrumb":{"@id":"https:\/\/martaweglinska.pl\/duch-krolowa-pszczol\/#breadcrumb"},"inLanguage":"en-GB","potentialAction":[{"@type":"ReadAction","target":["https:\/\/martaweglinska.pl\/duch-krolowa-pszczol\/"]}]},{"@type":"ImageObject","inLanguage":"en-GB","@id":"https:\/\/martaweglinska.pl\/duch-krolowa-pszczol\/#primaryimage","url":"https:\/\/martaweglinska.pl\/wp-content\/uploads\/2025\/11\/MartaWeglinska_Spirit-of_the_Bees_photoNur_Khamdan2024-1-54-scaled.jpg","contentUrl":"https:\/\/martaweglinska.pl\/wp-content\/uploads\/2025\/11\/MartaWeglinska_Spirit-of_the_Bees_photoNur_Khamdan2024-1-54-scaled.jpg","width":2560,"height":1414},{"@type":"BreadcrumbList","@id":"https:\/\/martaweglinska.pl\/duch-krolowa-pszczol\/#breadcrumb","itemListElement":[{"@type":"ListItem","position":1,"name":"Strona g\u0142\u00f3wna","item":"https:\/\/martaweglinska.pl\/"},{"@type":"ListItem","position":2,"name":"Duch \/ Kr\u00f3lowa Pszcz\u00f3\u0142"}]},{"@type":"WebSite","@id":"https:\/\/martaweglinska.pl\/#website","url":"https:\/\/martaweglinska.pl\/","name":"Marta W\u0119gli\u0144ska","description":"Portfolio","publisher":{"@id":"https:\/\/martaweglinska.pl\/#organization"},"potentialAction":[{"@type":"SearchAction","target":{"@type":"EntryPoint","urlTemplate":"https:\/\/martaweglinska.pl\/?s={search_term_string}"},"query-input":{"@type":"PropertyValueSpecification","valueRequired":true,"valueName":"search_term_string"}}],"inLanguage":"en-GB"},{"@type":"Organization","@id":"https:\/\/martaweglinska.pl\/#organization","name":"Marta W\u0119gli\u0144ska","url":"https:\/\/martaweglinska.pl\/","logo":{"@type":"ImageObject","inLanguage":"en-GB","@id":"https:\/\/martaweglinska.pl\/#\/schema\/logo\/image\/","url":"https:\/\/martaweglinska.pl\/wp-content\/uploads\/2025\/11\/Marta-Weglinska-e1763409767210.png","contentUrl":"https:\/\/martaweglinska.pl\/wp-content\/uploads\/2025\/11\/Marta-Weglinska-e1763409767210.png","width":1170,"height":640,"caption":"Marta W\u0119gli\u0144ska"},"image":{"@id":"https:\/\/martaweglinska.pl\/#\/schema\/logo\/image\/"},"sameAs":["https:\/\/www.facebook.com\/kobalt.migrating.platform","https:\/\/www.instagram.com\/marta.weglinska"]}]}},"_links":{"self":[{"href":"https:\/\/martaweglinska.pl\/en\/wp-json\/wp\/v2\/pages\/1097","targetHints":{"allow":["GET"]}}],"collection":[{"href":"https:\/\/martaweglinska.pl\/en\/wp-json\/wp\/v2\/pages"}],"about":[{"href":"https:\/\/martaweglinska.pl\/en\/wp-json\/wp\/v2\/types\/page"}],"author":[{"embeddable":true,"href":"https:\/\/martaweglinska.pl\/en\/wp-json\/wp\/v2\/users\/1"}],"replies":[{"embeddable":true,"href":"https:\/\/martaweglinska.pl\/en\/wp-json\/wp\/v2\/comments?post=1097"}],"version-history":[{"count":22,"href":"https:\/\/martaweglinska.pl\/en\/wp-json\/wp\/v2\/pages\/1097\/revisions"}],"predecessor-version":[{"id":2398,"href":"https:\/\/martaweglinska.pl\/en\/wp-json\/wp\/v2\/pages\/1097\/revisions\/2398"}],"wp:featuredmedia":[{"embeddable":true,"href":"https:\/\/martaweglinska.pl\/en\/wp-json\/wp\/v2\/media\/1099"}],"wp:attachment":[{"href":"https:\/\/martaweglinska.pl\/en\/wp-json\/wp\/v2\/media?parent=1097"}],"curies":[{"name":"wp","href":"https:\/\/api.w.org\/{rel}","templated":true}]}}