{"id":14,"date":"2020-10-22T08:23:28","date_gmt":"2020-10-22T08:23:28","guid":{"rendered":"https:\/\/qi39.qodeinteractive.com\/?page_id=14"},"modified":"2026-02-02T19:30:24","modified_gmt":"2026-02-02T18:30:24","slug":"strona-glowna","status":"publish","type":"page","link":"https:\/\/martaweglinska.pl\/en\/","title":{"rendered":"Home Page"},"content":{"rendered":"<div data-elementor-type=\"wp-page\" data-elementor-id=\"14\" class=\"elementor elementor-14\">\n\t\t\t\t<div class=\"elementor-element elementor-element-41302ad e-con-full e-flex qodef-elementor-content-no e-con e-parent\" data-id=\"41302ad\" data-element_type=\"container\" data-e-type=\"container\" data-settings=\"{&quot;background_background&quot;:&quot;classic&quot;}\">\n\t\t\t\t<div class=\"elementor-element elementor-element-2b9e37b elementor-widget elementor-widget-heading\" data-id=\"2b9e37b\" data-element_type=\"widget\" data-e-type=\"widget\" data-widget_type=\"heading.default\">\n\t\t\t\t\t<h2 class=\"elementor-heading-title elementor-size-default\">ART ROOTED IN LANDSCAPE, OBSERVATION, AND TIME.\n<\/h2>\t\t\t\t<\/div>\n\t\t\t\t<\/div>\n\t\t<div class=\"elementor-element elementor-element-a5eaa64 e-flex e-con-boxed qodef-elementor-content-no e-con e-parent\" data-id=\"a5eaa64\" data-element_type=\"container\" data-e-type=\"container\">\n\t\t\t\t\t<div class=\"e-con-inner\">\n\t\t\t\t<div class=\"elementor-element elementor-element-5bd03f5 elementor-widget elementor-widget-spacer\" data-id=\"5bd03f5\" data-element_type=\"widget\" data-e-type=\"widget\" data-widget_type=\"spacer.default\">\n\t\t\t\t\t\t\t<div class=\"elementor-spacer\">\n\t\t\t<div class=\"elementor-spacer-inner\"><\/div>\n\t\t<\/div>\n\t\t\t\t\t\t<\/div>\n\t\t\t\t<div class=\"elementor-element elementor-element-38976e0 elementor-widget elementor-widget-image\" data-id=\"38976e0\" data-element_type=\"widget\" data-e-type=\"widget\" data-widget_type=\"image.default\">\n\t\t\t\t\t\t\t\t\t\t\t\t\t\t\t<img fetchpriority=\"high\" decoding=\"async\" width=\"1024\" height=\"153\" src=\"https:\/\/martaweglinska.pl\/wp-content\/uploads\/2025\/12\/FE_UE_KPO_rgb_poziom_jpg-1024x153.jpg\" class=\"attachment-large size-large wp-image-1553\" alt=\"\" srcset=\"https:\/\/martaweglinska.pl\/wp-content\/uploads\/2025\/12\/FE_UE_KPO_rgb_poziom_jpg-1024x153.jpg 1024w, https:\/\/martaweglinska.pl\/wp-content\/uploads\/2025\/12\/FE_UE_KPO_rgb_poziom_jpg-300x45.jpg 300w, https:\/\/martaweglinska.pl\/wp-content\/uploads\/2025\/12\/FE_UE_KPO_rgb_poziom_jpg-768x115.jpg 768w, https:\/\/martaweglinska.pl\/wp-content\/uploads\/2025\/12\/FE_UE_KPO_rgb_poziom_jpg-1536x230.jpg 1536w, https:\/\/martaweglinska.pl\/wp-content\/uploads\/2025\/12\/FE_UE_KPO_rgb_poziom_jpg-2048x306.jpg 2048w\" sizes=\"(max-width: 1024px) 100vw, 1024px\" \/>\t\t\t\t\t\t\t\t\t\t\t\t\t\t\t<\/div>\n\t\t\t\t<div class=\"elementor-element elementor-element-08b9804 elementor-widget elementor-widget-text-editor\" data-id=\"08b9804\" data-element_type=\"widget\" data-e-type=\"widget\" data-widget_type=\"text-editor.default\">\n\t\t\t\t\t\t\t\t\t<p>The website was created as part of the \u201cLandscapes of Relationships: Human \u2013 Nature \u2013 Culture\u201d program in 2025.<\/p><p>The project received funding from the European Union under the National Recovery and Resilience Plan (NextGenerationEU).<\/p>\t\t\t\t\t\t\t\t<\/div>\n\t\t\t\t\t<\/div>\n\t\t\t\t<\/div>\n\t\t\t\t<\/div>","protected":false},"excerpt":{"rendered":"<p>Sztuka wyrastaj\u0105ca z obserwacji, krajobrazu i czasu. Strona internetowa powsta\u0142a w ramach programu \u201eKrajobrazy relacji: Cz\u0142owiek \u2013 Przyroda \u2013 Kultura\u201d w 2025 roku. Projekt otrzyma\u0142 finansowanie z Unii Europejskiej w ramach Krajowego Planu Odbudowy i Zwi\u0119kszania Odporno\u015bci (NextGenerationEU).<\/p>","protected":false},"author":1,"featured_media":872,"parent":0,"menu_order":0,"comment_status":"closed","ping_status":"closed","template":"qi-full-width.php","meta":{"footnotes":""},"class_list":["post-14","page","type-page","status-publish","has-post-thumbnail","hentry"],"yoast_head":"<!-- This site is optimized with the Yoast SEO plugin v26.9 - https:\/\/yoast.com\/product\/yoast-seo-wordpress\/ -->\n<title>Portfolio - Marta W\u0119gli\u0144ska - Nature-based Research Art<\/title>\n<meta name=\"description\" content=\"Research-based art exploring nature\u2013culture relations through fieldwork, artistic research and environmental humanities in landscapes.\" \/>\n<meta name=\"robots\" content=\"index, follow, max-snippet:-1, max-image-preview:large, max-video-preview:-1\" \/>\n<link rel=\"canonical\" href=\"https:\/\/martaweglinska.pl\/en\/\" \/>\n<meta property=\"og:locale\" content=\"en_GB\" \/>\n<meta property=\"og:type\" content=\"article\" \/>\n<meta property=\"og:title\" content=\"Portfolio - Marta W\u0119gli\u0144ska - Nature-based Research Art\" \/>\n<meta property=\"og:description\" content=\"Research-based art exploring nature\u2013culture relations through fieldwork, artistic research and environmental humanities in landscapes.\" \/>\n<meta property=\"og:url\" content=\"https:\/\/martaweglinska.pl\/en\/\" \/>\n<meta property=\"og:site_name\" content=\"Marta W\u0119gli\u0144ska\" \/>\n<meta property=\"article:publisher\" content=\"https:\/\/www.facebook.com\/kobalt.migrating.platform\" \/>\n<meta property=\"article:modified_time\" content=\"2026-02-02T18:30:24+00:00\" \/>\n<meta property=\"og:image\" content=\"https:\/\/martaweglinska.pl\/wp-content\/uploads\/2025\/11\/MartaWeglinska_Spirit_of_water_Java_fot_AdhiwinantoSemali2024-1-45-scaled.jpg\" \/>\n\t<meta property=\"og:image:width\" content=\"2560\" \/>\n\t<meta property=\"og:image:height\" content=\"1032\" \/>\n\t<meta property=\"og:image:type\" content=\"image\/jpeg\" \/>\n<meta name=\"twitter:card\" content=\"summary_large_image\" \/>\n<meta name=\"twitter:label1\" content=\"Estimated reading time\" \/>\n\t<meta name=\"twitter:data1\" content=\"1 minute\" \/>\n<script type=\"application\/ld+json\" class=\"yoast-schema-graph\">{\"@context\":\"https:\/\/schema.org\",\"@graph\":[{\"@type\":\"WebPage\",\"@id\":\"https:\/\/martaweglinska.pl\/\",\"url\":\"https:\/\/martaweglinska.pl\/\",\"name\":\"Portfolio - Marta W\u0119gli\u0144ska - Nature-based Research Art\",\"isPartOf\":{\"@id\":\"https:\/\/martaweglinska.pl\/#website\"},\"primaryImageOfPage\":{\"@id\":\"https:\/\/martaweglinska.pl\/#primaryimage\"},\"image\":{\"@id\":\"https:\/\/martaweglinska.pl\/#primaryimage\"},\"thumbnailUrl\":\"https:\/\/martaweglinska.pl\/wp-content\/uploads\/2025\/11\/MartaWeglinska_Spirit_of_water_Java_fot_AdhiwinantoSemali2024-1-45-scaled.jpg\",\"datePublished\":\"2020-10-22T08:23:28+00:00\",\"dateModified\":\"2026-02-02T18:30:24+00:00\",\"description\":\"Research-based art exploring nature\u2013culture relations through fieldwork, artistic research and environmental humanities in landscapes.\",\"breadcrumb\":{\"@id\":\"https:\/\/martaweglinska.pl\/#breadcrumb\"},\"inLanguage\":\"en-GB\",\"potentialAction\":[{\"@type\":\"ReadAction\",\"target\":[\"https:\/\/martaweglinska.pl\/\"]}]},{\"@type\":\"ImageObject\",\"inLanguage\":\"en-GB\",\"@id\":\"https:\/\/martaweglinska.pl\/#primaryimage\",\"url\":\"https:\/\/martaweglinska.pl\/wp-content\/uploads\/2025\/11\/MartaWeglinska_Spirit_of_water_Java_fot_AdhiwinantoSemali2024-1-45-scaled.jpg\",\"contentUrl\":\"https:\/\/martaweglinska.pl\/wp-content\/uploads\/2025\/11\/MartaWeglinska_Spirit_of_water_Java_fot_AdhiwinantoSemali2024-1-45-scaled.jpg\",\"width\":2560,\"height\":1032},{\"@type\":\"BreadcrumbList\",\"@id\":\"https:\/\/martaweglinska.pl\/#breadcrumb\",\"itemListElement\":[{\"@type\":\"ListItem\",\"position\":1,\"name\":\"Strona g\u0142\u00f3wna\",\"item\":\"https:\/\/martaweglinska.pl\/\"},{\"@type\":\"ListItem\",\"position\":2,\"name\":\"Strona g\u0142\u00f3wna\"}]},{\"@type\":\"WebSite\",\"@id\":\"https:\/\/martaweglinska.pl\/#website\",\"url\":\"https:\/\/martaweglinska.pl\/\",\"name\":\"Marta W\u0119gli\u0144ska\",\"description\":\"Portfolio\",\"publisher\":{\"@id\":\"https:\/\/martaweglinska.pl\/#organization\"},\"potentialAction\":[{\"@type\":\"SearchAction\",\"target\":{\"@type\":\"EntryPoint\",\"urlTemplate\":\"https:\/\/martaweglinska.pl\/?s={search_term_string}\"},\"query-input\":{\"@type\":\"PropertyValueSpecification\",\"valueRequired\":true,\"valueName\":\"search_term_string\"}}],\"inLanguage\":\"en-GB\"},{\"@type\":\"Organization\",\"@id\":\"https:\/\/martaweglinska.pl\/#organization\",\"name\":\"Marta W\u0119gli\u0144ska\",\"url\":\"https:\/\/martaweglinska.pl\/\",\"logo\":{\"@type\":\"ImageObject\",\"inLanguage\":\"en-GB\",\"@id\":\"https:\/\/martaweglinska.pl\/#\/schema\/logo\/image\/\",\"url\":\"https:\/\/martaweglinska.pl\/wp-content\/uploads\/2025\/11\/Marta-Weglinska-e1763409767210.png\",\"contentUrl\":\"https:\/\/martaweglinska.pl\/wp-content\/uploads\/2025\/11\/Marta-Weglinska-e1763409767210.png\",\"width\":1170,\"height\":640,\"caption\":\"Marta W\u0119gli\u0144ska\"},\"image\":{\"@id\":\"https:\/\/martaweglinska.pl\/#\/schema\/logo\/image\/\"},\"sameAs\":[\"https:\/\/www.facebook.com\/kobalt.migrating.platform\",\"https:\/\/www.instagram.com\/marta.weglinska\"]}]}<\/script>\n<!-- \/ Yoast SEO plugin. -->","yoast_head_json":{"title":"Portfolio - Marta W\u0119gli\u0144ska - Nature-based Research Art","description":"Research-based art exploring nature\u2013culture relations through fieldwork, artistic research and environmental humanities in landscapes.","robots":{"index":"index","follow":"follow","max-snippet":"max-snippet:-1","max-image-preview":"max-image-preview:large","max-video-preview":"max-video-preview:-1"},"canonical":"https:\/\/martaweglinska.pl\/en\/","og_locale":"en_GB","og_type":"article","og_title":"Portfolio - Marta W\u0119gli\u0144ska - Nature-based Research Art","og_description":"Research-based art exploring nature\u2013culture relations through fieldwork, artistic research and environmental humanities in landscapes.","og_url":"https:\/\/martaweglinska.pl\/en\/","og_site_name":"Marta W\u0119gli\u0144ska","article_publisher":"https:\/\/www.facebook.com\/kobalt.migrating.platform","article_modified_time":"2026-02-02T18:30:24+00:00","og_image":[{"width":2560,"height":1032,"url":"https:\/\/martaweglinska.pl\/wp-content\/uploads\/2025\/11\/MartaWeglinska_Spirit_of_water_Java_fot_AdhiwinantoSemali2024-1-45-scaled.jpg","type":"image\/jpeg"}],"twitter_card":"summary_large_image","twitter_misc":{"Estimated reading time":"1 minute"},"schema":{"@context":"https:\/\/schema.org","@graph":[{"@type":"WebPage","@id":"https:\/\/martaweglinska.pl\/","url":"https:\/\/martaweglinska.pl\/","name":"Portfolio - Marta W\u0119gli\u0144ska - Nature-based Research Art","isPartOf":{"@id":"https:\/\/martaweglinska.pl\/#website"},"primaryImageOfPage":{"@id":"https:\/\/martaweglinska.pl\/#primaryimage"},"image":{"@id":"https:\/\/martaweglinska.pl\/#primaryimage"},"thumbnailUrl":"https:\/\/martaweglinska.pl\/wp-content\/uploads\/2025\/11\/MartaWeglinska_Spirit_of_water_Java_fot_AdhiwinantoSemali2024-1-45-scaled.jpg","datePublished":"2020-10-22T08:23:28+00:00","dateModified":"2026-02-02T18:30:24+00:00","description":"Research-based art exploring nature\u2013culture relations through fieldwork, artistic research and environmental humanities in landscapes.","breadcrumb":{"@id":"https:\/\/martaweglinska.pl\/#breadcrumb"},"inLanguage":"en-GB","potentialAction":[{"@type":"ReadAction","target":["https:\/\/martaweglinska.pl\/"]}]},{"@type":"ImageObject","inLanguage":"en-GB","@id":"https:\/\/martaweglinska.pl\/#primaryimage","url":"https:\/\/martaweglinska.pl\/wp-content\/uploads\/2025\/11\/MartaWeglinska_Spirit_of_water_Java_fot_AdhiwinantoSemali2024-1-45-scaled.jpg","contentUrl":"https:\/\/martaweglinska.pl\/wp-content\/uploads\/2025\/11\/MartaWeglinska_Spirit_of_water_Java_fot_AdhiwinantoSemali2024-1-45-scaled.jpg","width":2560,"height":1032},{"@type":"BreadcrumbList","@id":"https:\/\/martaweglinska.pl\/#breadcrumb","itemListElement":[{"@type":"ListItem","position":1,"name":"Strona g\u0142\u00f3wna","item":"https:\/\/martaweglinska.pl\/"},{"@type":"ListItem","position":2,"name":"Strona g\u0142\u00f3wna"}]},{"@type":"WebSite","@id":"https:\/\/martaweglinska.pl\/#website","url":"https:\/\/martaweglinska.pl\/","name":"Marta W\u0119gli\u0144ska","description":"Portfolio","publisher":{"@id":"https:\/\/martaweglinska.pl\/#organization"},"potentialAction":[{"@type":"SearchAction","target":{"@type":"EntryPoint","urlTemplate":"https:\/\/martaweglinska.pl\/?s={search_term_string}"},"query-input":{"@type":"PropertyValueSpecification","valueRequired":true,"valueName":"search_term_string"}}],"inLanguage":"en-GB"},{"@type":"Organization","@id":"https:\/\/martaweglinska.pl\/#organization","name":"Marta W\u0119gli\u0144ska","url":"https:\/\/martaweglinska.pl\/","logo":{"@type":"ImageObject","inLanguage":"en-GB","@id":"https:\/\/martaweglinska.pl\/#\/schema\/logo\/image\/","url":"https:\/\/martaweglinska.pl\/wp-content\/uploads\/2025\/11\/Marta-Weglinska-e1763409767210.png","contentUrl":"https:\/\/martaweglinska.pl\/wp-content\/uploads\/2025\/11\/Marta-Weglinska-e1763409767210.png","width":1170,"height":640,"caption":"Marta W\u0119gli\u0144ska"},"image":{"@id":"https:\/\/martaweglinska.pl\/#\/schema\/logo\/image\/"},"sameAs":["https:\/\/www.facebook.com\/kobalt.migrating.platform","https:\/\/www.instagram.com\/marta.weglinska"]}]}},"_links":{"self":[{"href":"https:\/\/martaweglinska.pl\/en\/wp-json\/wp\/v2\/pages\/14","targetHints":{"allow":["GET"]}}],"collection":[{"href":"https:\/\/martaweglinska.pl\/en\/wp-json\/wp\/v2\/pages"}],"about":[{"href":"https:\/\/martaweglinska.pl\/en\/wp-json\/wp\/v2\/types\/page"}],"author":[{"embeddable":true,"href":"https:\/\/martaweglinska.pl\/en\/wp-json\/wp\/v2\/users\/1"}],"replies":[{"embeddable":true,"href":"https:\/\/martaweglinska.pl\/en\/wp-json\/wp\/v2\/comments?post=14"}],"version-history":[{"count":34,"href":"https:\/\/martaweglinska.pl\/en\/wp-json\/wp\/v2\/pages\/14\/revisions"}],"predecessor-version":[{"id":2174,"href":"https:\/\/martaweglinska.pl\/en\/wp-json\/wp\/v2\/pages\/14\/revisions\/2174"}],"wp:featuredmedia":[{"embeddable":true,"href":"https:\/\/martaweglinska.pl\/en\/wp-json\/wp\/v2\/media\/872"}],"wp:attachment":[{"href":"https:\/\/martaweglinska.pl\/en\/wp-json\/wp\/v2\/media?parent=14"}],"curies":[{"name":"wp","href":"https:\/\/api.w.org\/{rel}","templated":true}]}}