{"id":288,"date":"2020-10-27T08:12:06","date_gmt":"2020-10-27T08:12:06","guid":{"rendered":"https:\/\/qi39.qodeinteractive.com\/?page_id=288"},"modified":"2026-02-02T18:38:05","modified_gmt":"2026-02-02T17:38:05","slug":"contact","status":"publish","type":"page","link":"https:\/\/martaweglinska.pl\/en\/contact\/","title":{"rendered":"Contact"},"content":{"rendered":"<div data-elementor-type=\"wp-page\" data-elementor-id=\"288\" class=\"elementor elementor-288\">\n\t\t\t\t\t\t<section class=\"elementor-section elementor-top-section elementor-element elementor-element-63741c2 elementor-section-full_width qodef-elementor-content-grid elementor-section-height-default elementor-section-height-default\" data-id=\"63741c2\" data-element_type=\"section\" data-e-type=\"section\">\n\t\t\t\t\t\t<div class=\"elementor-container elementor-column-gap-no\">\n\t\t\t\t\t<div class=\"elementor-column elementor-col-100 elementor-top-column elementor-element elementor-element-3e22e225\" data-id=\"3e22e225\" data-element_type=\"column\" data-e-type=\"column\" data-settings=\"{&quot;background_background&quot;:&quot;classic&quot;}\">\n\t\t\t<div class=\"elementor-widget-wrap elementor-element-populated\">\n\t\t\t\t\t\t<div class=\"elementor-element elementor-element-1771729e elementor-widget elementor-widget-qi_addons_for_elementor_section_title\" data-id=\"1771729e\" data-element_type=\"widget\" data-e-type=\"widget\" data-widget_type=\"qi_addons_for_elementor_section_title.default\">\n\t\t\t\t<div class=\"elementor-widget-container\">\n\t\t\t\t\t<div class=\"qodef-shortcode qodef-m qodef-qi-section-title qodef-decoration--italic qodef-link--underline-draw qodef-subtitle-icon--left\">\n\t\t\t\t\t\t<h2 class=\"qodef-m-title\">\n\t\tContact\t<\/h2>\n\t\t\t<\/div>\n\t\t\t\t<\/div>\n\t\t\t\t<\/div>\n\t\t\t\t\t<\/div>\n\t\t<\/div>\n\t\t\t\t\t<\/div>\n\t\t<\/section>\n\t\t\t\t<section class=\"elementor-section elementor-top-section elementor-element elementor-element-ef62c89 elementor-section-full_width qodef-elementor-content-grid elementor-section-height-default elementor-section-height-default\" data-id=\"ef62c89\" data-element_type=\"section\" data-e-type=\"section\">\n\t\t\t\t\t\t<div class=\"elementor-container elementor-column-gap-no\">\n\t\t\t\t\t<div class=\"elementor-column elementor-col-100 elementor-top-column elementor-element elementor-element-1891961\" data-id=\"1891961\" data-element_type=\"column\" data-e-type=\"column\">\n\t\t\t<div class=\"elementor-widget-wrap elementor-element-populated\">\n\t\t\t\t\t\t<div class=\"elementor-element elementor-element-69b9160 elementor-widget elementor-widget-qi_addons_for_elementor_section_title\" data-id=\"69b9160\" data-element_type=\"widget\" data-e-type=\"widget\" data-widget_type=\"qi_addons_for_elementor_section_title.default\">\n\t\t\t\t<div class=\"elementor-widget-container\">\n\t\t\t\t\t<div class=\"qodef-shortcode qodef-m qodef-qi-section-title qodef-decoration--italic qodef-text-link--underline qodef-link--underline-draw qodef-subtitle-icon--left\">\n\t\t\t\t\t\t\t\t<div class=\"qodef-m-text\"><p><a href=\"mailto:weglinska.marta@gmail.com\">weglinska.marta@gmail.com<\/a><\/p><p>tel. +48 500 411 572<\/p><\/div>\n\t<\/div>\n\t\t\t\t<\/div>\n\t\t\t\t<\/div>\n\t\t\t\t<div class=\"elementor-element elementor-element-8dc9e25 elementor-widget elementor-widget-qi_addons_for_elementor_section_title\" data-id=\"8dc9e25\" data-element_type=\"widget\" data-e-type=\"widget\" data-widget_type=\"qi_addons_for_elementor_section_title.default\">\n\t\t\t\t<div class=\"elementor-widget-container\">\n\t\t\t\t\t<div class=\"qodef-shortcode qodef-m qodef-qi-section-title qodef-decoration--italic qodef-text-link--underline qodef-link--underline-draw qodef-subtitle-icon--left\">\n\t\t\t\t\t\t\t\t<div class=\"qodef-m-text\"><p>Instagram:\u00a0<\/p><p><a href=\"https:\/\/www.instagram.com\/marta.weglinska\/\"><span style=\"color: #1155cc\">marta.weglinska<\/span><\/a><\/p><\/div>\n\t<\/div>\n\t\t\t\t<\/div>\n\t\t\t\t<\/div>\n\t\t\t\t<div class=\"elementor-element elementor-element-9bee8f7 elementor-widget elementor-widget-qi_addons_for_elementor_section_title\" data-id=\"9bee8f7\" data-element_type=\"widget\" data-e-type=\"widget\" data-widget_type=\"qi_addons_for_elementor_section_title.default\">\n\t\t\t\t<div class=\"elementor-widget-container\">\n\t\t\t\t\t<div class=\"qodef-shortcode qodef-m qodef-qi-section-title qodef-decoration--italic qodef-text-link--underline qodef-link--underline-draw qodef-subtitle-icon--left\">\n\t\t\t\t\t\t\t\t<div class=\"qodef-m-text\"><p>Curatorial activity:<\/p><p><a href=\"http:\/\/kolektyw-silverado.tumblr.com\/\"><span style=\"color: #1155cc\">Kolektyw Silverado<\/span><\/a><\/p><\/div>\n\t<\/div>\n\t\t\t\t<\/div>\n\t\t\t\t<\/div>\n\t\t\t\t<div class=\"elementor-element elementor-element-478431b elementor-widget elementor-widget-qi_addons_for_elementor_section_title\" data-id=\"478431b\" data-element_type=\"widget\" data-e-type=\"widget\" data-widget_type=\"qi_addons_for_elementor_section_title.default\">\n\t\t\t\t<div class=\"elementor-widget-container\">\n\t\t\t\t\t<div class=\"qodef-shortcode qodef-m qodef-qi-section-title qodef-decoration--italic qodef-text-link--underline qodef-link--underline-draw qodef-subtitle-icon--left\">\n\t\t\t\t\t\t\t\t<div class=\"qodef-m-text\"><p>Artistic and educational activities:<\/p><p>Facebook: \u00a0<\/p><p><a href=\"https:\/\/www.facebook.com\/kobalt.migrating.platform\"><span style=\"color: #1155cc\">Kobalt Migrating Platform<\/span><\/a><\/p><\/div>\n\t<\/div>\n\t\t\t\t<\/div>\n\t\t\t\t<\/div>\n\t\t\t\t\t<\/div>\n\t\t<\/div>\n\t\t\t\t\t<\/div>\n\t\t<\/section>\n\t\t\t\t<\/div>","protected":false},"excerpt":{"rendered":"<p>Kontakt weglinska.marta@gmail.com tel. +48 500 411 572 Instagram:\u00a0 marta.weglinska Dzia\u0142alno\u015b\u0107 kuratorska: Kolektyw Silverado Dzia\u0142alno\u015b\u0107 artystyczno-edukacyjna: Facebook: \u00a0 Kobalt Migrating Platform<\/p>","protected":false},"author":1,"featured_media":0,"parent":0,"menu_order":0,"comment_status":"closed","ping_status":"closed","template":"qi-full-width.php","meta":{"footnotes":""},"class_list":["post-288","page","type-page","status-publish","hentry"],"yoast_head":"<!-- This site is optimized with the Yoast SEO plugin v26.9 - https:\/\/yoast.com\/product\/yoast-seo-wordpress\/ -->\n<title>Contact - Marta W\u0119gli\u0144ska \u2013 Research-Based Contemporary Artist<\/title>\n<meta name=\"description\" content=\"Get in touch with research-based contemporary artist Marta W\u0119gli\u0144ska \u2013 email, phone, social media, and info on curatorial and educational projects.\" \/>\n<meta name=\"robots\" content=\"index, follow, max-snippet:-1, max-image-preview:large, max-video-preview:-1\" \/>\n<link rel=\"canonical\" href=\"https:\/\/martaweglinska.pl\/en\/contact\/\" \/>\n<meta property=\"og:locale\" content=\"en_GB\" \/>\n<meta property=\"og:type\" content=\"article\" \/>\n<meta property=\"og:title\" content=\"Contact - Marta W\u0119gli\u0144ska \u2013 Research-Based Contemporary Artist\" \/>\n<meta property=\"og:description\" content=\"Get in touch with research-based contemporary artist Marta W\u0119gli\u0144ska \u2013 email, phone, social media, and info on curatorial and educational projects.\" \/>\n<meta property=\"og:url\" content=\"https:\/\/martaweglinska.pl\/en\/contact\/\" \/>\n<meta property=\"og:site_name\" content=\"Marta W\u0119gli\u0144ska\" \/>\n<meta property=\"article:publisher\" content=\"https:\/\/www.facebook.com\/kobalt.migrating.platform\" \/>\n<meta property=\"article:modified_time\" content=\"2026-02-02T17:38:05+00:00\" \/>\n<meta name=\"twitter:card\" content=\"summary_large_image\" \/>\n<meta name=\"twitter:label1\" content=\"Estimated reading time\" \/>\n\t<meta name=\"twitter:data1\" content=\"1 minute\" \/>\n<script type=\"application\/ld+json\" class=\"yoast-schema-graph\">{\"@context\":\"https:\/\/schema.org\",\"@graph\":[{\"@type\":\"WebPage\",\"@id\":\"https:\/\/martaweglinska.pl\/contact\/\",\"url\":\"https:\/\/martaweglinska.pl\/contact\/\",\"name\":\"Contact - Marta W\u0119gli\u0144ska \u2013 Research-Based Contemporary Artist\",\"isPartOf\":{\"@id\":\"https:\/\/martaweglinska.pl\/#website\"},\"datePublished\":\"2020-10-27T08:12:06+00:00\",\"dateModified\":\"2026-02-02T17:38:05+00:00\",\"description\":\"Get in touch with research-based contemporary artist Marta W\u0119gli\u0144ska \u2013 email, phone, social media, and info on curatorial and educational projects.\",\"breadcrumb\":{\"@id\":\"https:\/\/martaweglinska.pl\/contact\/#breadcrumb\"},\"inLanguage\":\"en-GB\",\"potentialAction\":[{\"@type\":\"ReadAction\",\"target\":[\"https:\/\/martaweglinska.pl\/contact\/\"]}]},{\"@type\":\"BreadcrumbList\",\"@id\":\"https:\/\/martaweglinska.pl\/contact\/#breadcrumb\",\"itemListElement\":[{\"@type\":\"ListItem\",\"position\":1,\"name\":\"Strona g\u0142\u00f3wna\",\"item\":\"https:\/\/martaweglinska.pl\/\"},{\"@type\":\"ListItem\",\"position\":2,\"name\":\"Kontakt\"}]},{\"@type\":\"WebSite\",\"@id\":\"https:\/\/martaweglinska.pl\/#website\",\"url\":\"https:\/\/martaweglinska.pl\/\",\"name\":\"Marta W\u0119gli\u0144ska\",\"description\":\"Portfolio\",\"publisher\":{\"@id\":\"https:\/\/martaweglinska.pl\/#organization\"},\"potentialAction\":[{\"@type\":\"SearchAction\",\"target\":{\"@type\":\"EntryPoint\",\"urlTemplate\":\"https:\/\/martaweglinska.pl\/?s={search_term_string}\"},\"query-input\":{\"@type\":\"PropertyValueSpecification\",\"valueRequired\":true,\"valueName\":\"search_term_string\"}}],\"inLanguage\":\"en-GB\"},{\"@type\":\"Organization\",\"@id\":\"https:\/\/martaweglinska.pl\/#organization\",\"name\":\"Marta W\u0119gli\u0144ska\",\"url\":\"https:\/\/martaweglinska.pl\/\",\"logo\":{\"@type\":\"ImageObject\",\"inLanguage\":\"en-GB\",\"@id\":\"https:\/\/martaweglinska.pl\/#\/schema\/logo\/image\/\",\"url\":\"https:\/\/martaweglinska.pl\/wp-content\/uploads\/2025\/11\/Marta-Weglinska-e1763409767210.png\",\"contentUrl\":\"https:\/\/martaweglinska.pl\/wp-content\/uploads\/2025\/11\/Marta-Weglinska-e1763409767210.png\",\"width\":1170,\"height\":640,\"caption\":\"Marta W\u0119gli\u0144ska\"},\"image\":{\"@id\":\"https:\/\/martaweglinska.pl\/#\/schema\/logo\/image\/\"},\"sameAs\":[\"https:\/\/www.facebook.com\/kobalt.migrating.platform\",\"https:\/\/www.instagram.com\/marta.weglinska\"]}]}<\/script>\n<!-- \/ Yoast SEO plugin. -->","yoast_head_json":{"title":"Contact - Marta W\u0119gli\u0144ska \u2013 Research-Based Contemporary Artist","description":"Get in touch with research-based contemporary artist Marta W\u0119gli\u0144ska \u2013 email, phone, social media, and info on curatorial and educational projects.","robots":{"index":"index","follow":"follow","max-snippet":"max-snippet:-1","max-image-preview":"max-image-preview:large","max-video-preview":"max-video-preview:-1"},"canonical":"https:\/\/martaweglinska.pl\/en\/contact\/","og_locale":"en_GB","og_type":"article","og_title":"Contact - Marta W\u0119gli\u0144ska \u2013 Research-Based Contemporary Artist","og_description":"Get in touch with research-based contemporary artist Marta W\u0119gli\u0144ska \u2013 email, phone, social media, and info on curatorial and educational projects.","og_url":"https:\/\/martaweglinska.pl\/en\/contact\/","og_site_name":"Marta W\u0119gli\u0144ska","article_publisher":"https:\/\/www.facebook.com\/kobalt.migrating.platform","article_modified_time":"2026-02-02T17:38:05+00:00","twitter_card":"summary_large_image","twitter_misc":{"Estimated reading time":"1 minute"},"schema":{"@context":"https:\/\/schema.org","@graph":[{"@type":"WebPage","@id":"https:\/\/martaweglinska.pl\/contact\/","url":"https:\/\/martaweglinska.pl\/contact\/","name":"Contact - Marta W\u0119gli\u0144ska \u2013 Research-Based Contemporary Artist","isPartOf":{"@id":"https:\/\/martaweglinska.pl\/#website"},"datePublished":"2020-10-27T08:12:06+00:00","dateModified":"2026-02-02T17:38:05+00:00","description":"Get in touch with research-based contemporary artist Marta W\u0119gli\u0144ska \u2013 email, phone, social media, and info on curatorial and educational projects.","breadcrumb":{"@id":"https:\/\/martaweglinska.pl\/contact\/#breadcrumb"},"inLanguage":"en-GB","potentialAction":[{"@type":"ReadAction","target":["https:\/\/martaweglinska.pl\/contact\/"]}]},{"@type":"BreadcrumbList","@id":"https:\/\/martaweglinska.pl\/contact\/#breadcrumb","itemListElement":[{"@type":"ListItem","position":1,"name":"Strona g\u0142\u00f3wna","item":"https:\/\/martaweglinska.pl\/"},{"@type":"ListItem","position":2,"name":"Kontakt"}]},{"@type":"WebSite","@id":"https:\/\/martaweglinska.pl\/#website","url":"https:\/\/martaweglinska.pl\/","name":"Marta W\u0119gli\u0144ska","description":"Portfolio","publisher":{"@id":"https:\/\/martaweglinska.pl\/#organization"},"potentialAction":[{"@type":"SearchAction","target":{"@type":"EntryPoint","urlTemplate":"https:\/\/martaweglinska.pl\/?s={search_term_string}"},"query-input":{"@type":"PropertyValueSpecification","valueRequired":true,"valueName":"search_term_string"}}],"inLanguage":"en-GB"},{"@type":"Organization","@id":"https:\/\/martaweglinska.pl\/#organization","name":"Marta W\u0119gli\u0144ska","url":"https:\/\/martaweglinska.pl\/","logo":{"@type":"ImageObject","inLanguage":"en-GB","@id":"https:\/\/martaweglinska.pl\/#\/schema\/logo\/image\/","url":"https:\/\/martaweglinska.pl\/wp-content\/uploads\/2025\/11\/Marta-Weglinska-e1763409767210.png","contentUrl":"https:\/\/martaweglinska.pl\/wp-content\/uploads\/2025\/11\/Marta-Weglinska-e1763409767210.png","width":1170,"height":640,"caption":"Marta W\u0119gli\u0144ska"},"image":{"@id":"https:\/\/martaweglinska.pl\/#\/schema\/logo\/image\/"},"sameAs":["https:\/\/www.facebook.com\/kobalt.migrating.platform","https:\/\/www.instagram.com\/marta.weglinska"]}]}},"_links":{"self":[{"href":"https:\/\/martaweglinska.pl\/en\/wp-json\/wp\/v2\/pages\/288","targetHints":{"allow":["GET"]}}],"collection":[{"href":"https:\/\/martaweglinska.pl\/en\/wp-json\/wp\/v2\/pages"}],"about":[{"href":"https:\/\/martaweglinska.pl\/en\/wp-json\/wp\/v2\/types\/page"}],"author":[{"embeddable":true,"href":"https:\/\/martaweglinska.pl\/en\/wp-json\/wp\/v2\/users\/1"}],"replies":[{"embeddable":true,"href":"https:\/\/martaweglinska.pl\/en\/wp-json\/wp\/v2\/comments?post=288"}],"version-history":[{"count":34,"href":"https:\/\/martaweglinska.pl\/en\/wp-json\/wp\/v2\/pages\/288\/revisions"}],"predecessor-version":[{"id":2599,"href":"https:\/\/martaweglinska.pl\/en\/wp-json\/wp\/v2\/pages\/288\/revisions\/2599"}],"wp:attachment":[{"href":"https:\/\/martaweglinska.pl\/en\/wp-json\/wp\/v2\/media?parent=288"}],"curies":[{"name":"wp","href":"https:\/\/api.w.org\/{rel}","templated":true}]}}